{"id":187,"date":"2023-11-22T12:58:20","date_gmt":"2023-11-22T10:58:20","guid":{"rendered":"https:\/\/dev.biserica-fortificata-viscri.ro\/en\/?page_id=187"},"modified":"2024-02-15T13:51:21","modified_gmt":"2024-02-15T11:51:21","slug":"contact","status":"publish","type":"page","link":"https:\/\/www.biserica-fortificata-viscri.ro\/de\/kontakt\/","title":{"rendered":"Kontakt"},"content":{"rendered":"<p>Sie k\u00f6nnen uns eine E-Mail schreiben an <strong>evang.dwk@gmail.com<\/strong>, uns unter <strong>+40745 324 394 <\/strong>anrufen oder sich \u00fcber das folgende Formular mit uns in Verbindung setzen:<\/p>\n<p>\n\t\t\t<div class=\"ccf-form-wrapper form-id-207\" data-form-id=\"207\">\n\t\t\t\t<form  class=\"ccf-form ccf-theme-default\" method=\"post\" action=\"?v=1777521720\" data-form-id=\"207\">\n\n\t\t\t\t\t\t\t\t\t\t\t\t\t\t\t\t\t\t<div class=\"form-title\">\n\t\t\t\t\t\t\t\tSchicken Sie uns eine Nachricht\t\t\t\t\t\t\t<\/div>\n\t\t\t\t\t\t\t\t\t\t\t\n\t\t\t\t\t\n\t\t\t\t\t\n\t\t<div data-field-type=\"name\" data-field-slug=\"sender-name\" class=\"form-group  field sender-name field-type-name field-353  field-required\">\n\t\t\t<label class=\"main-label\">\n\t\t\t\t<span class=\"required\">*<\/span>\t\t\t\tdein Name\t\t\t<\/label>\n\t\t\t<div class=\"left\">\n\t\t\t\t<input value=\"\" class=\"form-control  field-input\" required aria-required=\"true\" type=\"text\" name=\"ccf_field_sender-name[first]\" id=\"ccf_field_sender-name-first\">\n\t\t\t\t\t\t\t\t<label for=\"ccf_field_sender-name-first\" class=\"sub-label help-block text-muted\">Vorname<\/label>\n\t\t\t<\/div>\n\t\t\t<div class=\"right\">\n\t\t\t\t<input value=\"\" class=\"form-control  field-input\" required aria-required=\"true\" type=\"text\" name=\"ccf_field_sender-name[last]\" id=\"ccf_field_sender-name-last\">\n\t\t\t\t\t\t\t\t<label for=\"ccf_field_sender-name-last\" class=\"sub-label help-block text-muted\">Nachname<\/label>\n\t\t\t<\/div>\n\n\t\t\t<div class=\"ccf-clear\"><\/div>\n\n\t\t\t\t\t<\/div>\n\n\t\t\n\t\t<div data-field-type=\"email\" data-field-slug=\"sender-email\" class=\"form-group  field sender-email field-type-email field-354  field-required\">\n\t\t\t<label class=\"main-label\" for=\"ccf_field_sender-email\">\n\t\t\t\t<span class=\"required\">*<\/span>\t\t\t\tdeine E-Mail-Adresse\t\t\t<\/label>\n\t\t\t\t\t\t\t<div class=\"left\">\n\t\t\t\t\t<input class=\"form-control field-input \" required aria-required=\"true\" name=\"ccf_field_sender-email[email]\" id=\"ccf_field_sender-email\" value=\"\" type=\"text\">\n\t\t\t\t\t\t\t\t\t\t<label for=\"ccf_field_sender-email\" class=\"sub-label help-block text-muted\">E-Mail<\/label>\n\t\t\t\t<\/div>\n\t\t\t\t<div class=\"right\">\n\t\t\t\t\t<input class=\"form-control field-input \" required aria-required=\"true\" name=\"ccf_field_sender-email[confirm]\" id=\"ccf_field_sender-email-confirm\" value=\"\" type=\"text\">\n\t\t\t\t\t\t\t\t\t\t<label for=\"ccf_field_sender-email-confirm\" class=\"sub-label help-block text-muted\">E-Mailadresse best\u00e4tigen<\/label>\n\t\t\t\t<\/div>\n\t\t\t\t\t\t\t\t\t\t\t\t<div class=\"ccf-clear\"><\/div>\n\t\t\t\n\t\t\t\t\t<\/div>\n\n\t\t\n\t\t<div data-phone-format=\"international\" data-field-slug=\"sender-phone-no\" data-field-type=\"phone\" class=\"form-group  field sender-phone-no field-type-phone field-355  \">\n\t\t\t<label class=\"main-label\" for=\"ccf_field_sender-phone-no\">\n\t\t\t\t\t\t\t\tdeine Telefonnummer\t\t\t<\/label>\n\t\t\t<input class=\"form-control  field-input\"  type=\"text\" name=\"ccf_field_sender-phone-no\" id=\"ccf_field_sender-phone-no\" placeholder=\"\" value=\"\">\n\n\t\t\t\n\t\t\t\t\t<\/div>\n\n\t\t\n\t\t<div data-field-type=\"recaptcha\" data-field-slug=\"recaptcha-5\" class=\"form-group  field recaptcha-5 field-type-recaptcha field-356  \">\n\t\t\t<label class=\"main-label\" for=\"ccf_field_recaptcha-5\">\n\t\t\t\t<span class=\"required\">*<\/span>\n\t\t\t\t\t\t\t<\/label>\n\t\t\t<div class=\"ccf-recaptcha-wrapper\" data-form-id=\"207\" data-sitekey=\"6LdTjxgpAAAAAINBO-o6S2nV-89OE8mGX74_fQ92\"><\/div>\n\n\t\t\t\n\t\t\t\t\t<\/div>\n\n\t\t\n\t\t<div data-field-type=\"paragraph-text\" data-field-slug=\"message-content\" class=\"form-group  field message-content field-type-paragraph-text field-357  field-required\">\n\t\t\t<label class=\"main-label\" for=\"ccf_field_message-content\">\n\t\t\t\t<span class=\"required\">*<\/span>\t\t\t\tIhre Nachricht:\t\t\t<\/label>\n\t\t\t<textarea class=\"form-control  field-input\" required aria-required=\"true\" name=\"ccf_field_message-content\" id=\"ccf_field_message-content\" placeholder=\"\"><\/textarea>\n\n\t\t\t\n\t\t\t\t\t<\/div>\n\n\t\t\n\t\t\t\t\t<div class=\"form-submit \">\n\t\t\t\t\t\t<input type=\"submit\" class=\"btn btn-primary ccf-submit-button\" value=\"Nachricht senden\">\n\t\t\t\t\t\t<img decoding=\"async\" class=\"loading-img\" src=\"https:\/\/www.biserica-fortificata-viscri.ro\/wp-admin\/images\/wpspin_light.gif\">\n\t\t\t\t\t<\/div>\n\n\t\t\t\t\t<script type=\"text\/javascript\">\n\t\t\t\t\twindow.wp = window.wp || {};\n\t\t\t\t\twp.ccf = wp.ccf || {};\n\t\t\t\t\twp.ccf.conditionals = wp.ccf.conditionals || [];\n\t\t\t\t\twp.ccf.conditionals[207] = [];\n\t\t\t\t\t<\/script>\n\n\t\t\t\t\t<input type=\"hidden\" name=\"form_id\" value=\"207\">\n\t\t\t\t\t<input type=\"hidden\" name=\"form_page\" value=\"https:\/\/www.biserica-fortificata-viscri.ro\/de\/wp-json\/wp\/v2\/pages\/187\">\n\t\t\t\t\t<input type=\"text\" name=\"my_information\" style=\"display: none;\">\n\t\t\t\t\t<input type=\"hidden\"  name=\"ccf_form\" value=\"1\">\n\t\t\t\t\t<input type=\"hidden\" name=\"form_nonce\" value=\"b0d71a0a7b\">\n\t\t\t\t<\/form>\n\n\t\t\t\t<iframe class=\"ccf-form-frame\" id=\"ccf_form_frame_207\" name=\"ccf_form_frame_207\"><\/iframe>\n\t\t\t<\/div>\n\n\t\t\t<\/p>","protected":false},"excerpt":{"rendered":"<p>Sie k\u00f6nnen uns eine E-Mail schreiben an evang.dwk@gmail.com, uns unter +40745 324 394 anrufen oder sich \u00fcber das folgende Formular mit uns in Verbindung setzen:<\/p>\n","protected":false},"author":2,"featured_media":0,"parent":0,"menu_order":0,"comment_status":"closed","ping_status":"closed","template":"","meta":{"footnotes":""},"class_list":["post-187","page","type-page","status-publish","hentry"],"yoast_head":"<!-- This site is optimized with the Yoast SEO plugin v27.3 - https:\/\/yoast.com\/product\/yoast-seo-wordpress\/ -->\n<title>Kontakt - Kirchenburg Deutschwei\u00dfkirch<\/title>\n<meta name=\"robots\" content=\"index, follow, max-snippet:-1, max-image-preview:large, max-video-preview:-1\" \/>\n<link rel=\"canonical\" href=\"https:\/\/www.biserica-fortificata-viscri.ro\/de\/kontakt\/\" \/>\n<meta property=\"og:locale\" content=\"de_DE\" \/>\n<meta property=\"og:type\" content=\"article\" \/>\n<meta property=\"og:title\" content=\"Kontakt - Kirchenburg Deutschwei\u00dfkirch\" \/>\n<meta property=\"og:description\" content=\"Sie k\u00f6nnen uns eine E-Mail schreiben an evang.dwk@gmail.com, uns unter +40745 324 394 anrufen oder sich \u00fcber das folgende Formular mit uns in Verbindung setzen:\" \/>\n<meta property=\"og:url\" content=\"https:\/\/www.biserica-fortificata-viscri.ro\/de\/kontakt\/\" \/>\n<meta property=\"og:site_name\" content=\"Kirchenburg Deutschwei\u00dfkirch\" \/>\n<meta property=\"article:modified_time\" content=\"2024-02-15T11:51:21+00:00\" \/>\n<meta name=\"twitter:card\" content=\"summary_large_image\" \/>\n<meta name=\"twitter:label1\" content=\"Gesch\u00e4tzte Lesezeit\" \/>\n\t<meta name=\"twitter:data1\" content=\"1\u00a0Minute\" \/>\n<script type=\"application\/ld+json\" class=\"yoast-schema-graph\">{\"@context\":\"https:\\\/\\\/schema.org\",\"@graph\":[{\"@type\":\"WebPage\",\"@id\":\"https:\\\/\\\/www.biserica-fortificata-viscri.ro\\\/de\\\/kontakt\\\/\",\"url\":\"https:\\\/\\\/www.biserica-fortificata-viscri.ro\\\/de\\\/kontakt\\\/\",\"name\":\"Kontakt - Kirchenburg Deutschwei\u00dfkirch\",\"isPartOf\":{\"@id\":\"https:\\\/\\\/www.biserica-fortificata-viscri.ro\\\/de\\\/#website\"},\"datePublished\":\"2023-11-22T10:58:20+00:00\",\"dateModified\":\"2024-02-15T11:51:21+00:00\",\"breadcrumb\":{\"@id\":\"https:\\\/\\\/www.biserica-fortificata-viscri.ro\\\/de\\\/kontakt\\\/#breadcrumb\"},\"inLanguage\":\"de\",\"potentialAction\":[{\"@type\":\"ReadAction\",\"target\":[[\"https:\\\/\\\/www.biserica-fortificata-viscri.ro\\\/de\\\/kontakt\\\/\"]]}]},{\"@type\":\"BreadcrumbList\",\"@id\":\"https:\\\/\\\/www.biserica-fortificata-viscri.ro\\\/de\\\/kontakt\\\/#breadcrumb\",\"itemListElement\":[{\"@type\":\"ListItem\",\"position\":1,\"name\":\"Home\",\"item\":\"https:\\\/\\\/www.biserica-fortificata-viscri.ro\\\/de\\\/\"},{\"@type\":\"ListItem\",\"position\":2,\"name\":\"Kontakt\"}]},{\"@type\":\"WebSite\",\"@id\":\"https:\\\/\\\/www.biserica-fortificata-viscri.ro\\\/de\\\/#website\",\"url\":\"https:\\\/\\\/www.biserica-fortificata-viscri.ro\\\/de\\\/\",\"name\":\"Kirchenburg Deutschwei\u00dfkirch\",\"description\":\"Offizielle Website Kirchenburg Deutschwei\u00dfkirch, Evangelische Kirche A.B. in Rum\u00e4nien\",\"potentialAction\":[{\"@type\":\"SearchAction\",\"target\":{\"@type\":\"EntryPoint\",\"urlTemplate\":\"https:\\\/\\\/www.biserica-fortificata-viscri.ro\\\/de\\\/?s={search_term_string}\"},\"query-input\":{\"@type\":\"PropertyValueSpecification\",\"valueRequired\":true,\"valueName\":\"search_term_string\"}}],\"inLanguage\":\"de\"}]}<\/script>\n<!-- \/ Yoast SEO plugin. -->","yoast_head_json":{"title":"Kontakt - Kirchenburg Deutschwei\u00dfkirch","robots":{"index":"index","follow":"follow","max-snippet":"max-snippet:-1","max-image-preview":"max-image-preview:large","max-video-preview":"max-video-preview:-1"},"canonical":"https:\/\/www.biserica-fortificata-viscri.ro\/de\/kontakt\/","og_locale":"de_DE","og_type":"article","og_title":"Kontakt - Kirchenburg Deutschwei\u00dfkirch","og_description":"Sie k\u00f6nnen uns eine E-Mail schreiben an evang.dwk@gmail.com, uns unter +40745 324 394 anrufen oder sich \u00fcber das folgende Formular mit uns in Verbindung setzen:","og_url":"https:\/\/www.biserica-fortificata-viscri.ro\/de\/kontakt\/","og_site_name":"Kirchenburg Deutschwei\u00dfkirch","article_modified_time":"2024-02-15T11:51:21+00:00","twitter_card":"summary_large_image","twitter_misc":{"Gesch\u00e4tzte Lesezeit":"1\u00a0Minute"},"schema":{"@context":"https:\/\/schema.org","@graph":[{"@type":"WebPage","@id":"https:\/\/www.biserica-fortificata-viscri.ro\/de\/kontakt\/","url":"https:\/\/www.biserica-fortificata-viscri.ro\/de\/kontakt\/","name":"Kontakt - Kirchenburg Deutschwei\u00dfkirch","isPartOf":{"@id":"https:\/\/www.biserica-fortificata-viscri.ro\/de\/#website"},"datePublished":"2023-11-22T10:58:20+00:00","dateModified":"2024-02-15T11:51:21+00:00","breadcrumb":{"@id":"https:\/\/www.biserica-fortificata-viscri.ro\/de\/kontakt\/#breadcrumb"},"inLanguage":"de","potentialAction":[{"@type":"ReadAction","target":[["https:\/\/www.biserica-fortificata-viscri.ro\/de\/kontakt\/"]]}]},{"@type":"BreadcrumbList","@id":"https:\/\/www.biserica-fortificata-viscri.ro\/de\/kontakt\/#breadcrumb","itemListElement":[{"@type":"ListItem","position":1,"name":"Home","item":"https:\/\/www.biserica-fortificata-viscri.ro\/de\/"},{"@type":"ListItem","position":2,"name":"Kontakt"}]},{"@type":"WebSite","@id":"https:\/\/www.biserica-fortificata-viscri.ro\/de\/#website","url":"https:\/\/www.biserica-fortificata-viscri.ro\/de\/","name":"Kirchenburg Deutschwei\u00dfkirch","description":"Offizielle Website Kirchenburg Deutschwei\u00dfkirch, Evangelische Kirche A.B. in Rum\u00e4nien","potentialAction":[{"@type":"SearchAction","target":{"@type":"EntryPoint","urlTemplate":"https:\/\/www.biserica-fortificata-viscri.ro\/de\/?s={search_term_string}"},"query-input":{"@type":"PropertyValueSpecification","valueRequired":true,"valueName":"search_term_string"}}],"inLanguage":"de"}]}},"_links":{"self":[{"href":"https:\/\/www.biserica-fortificata-viscri.ro\/de\/wp-json\/wp\/v2\/pages\/187","targetHints":{"allow":["GET"]}}],"collection":[{"href":"https:\/\/www.biserica-fortificata-viscri.ro\/de\/wp-json\/wp\/v2\/pages"}],"about":[{"href":"https:\/\/www.biserica-fortificata-viscri.ro\/de\/wp-json\/wp\/v2\/types\/page"}],"author":[{"embeddable":true,"href":"https:\/\/www.biserica-fortificata-viscri.ro\/de\/wp-json\/wp\/v2\/users\/2"}],"replies":[{"embeddable":true,"href":"https:\/\/www.biserica-fortificata-viscri.ro\/de\/wp-json\/wp\/v2\/comments?post=187"}],"version-history":[{"count":11,"href":"https:\/\/www.biserica-fortificata-viscri.ro\/de\/wp-json\/wp\/v2\/pages\/187\/revisions"}],"predecessor-version":[{"id":370,"href":"https:\/\/www.biserica-fortificata-viscri.ro\/de\/wp-json\/wp\/v2\/pages\/187\/revisions\/370"}],"wp:attachment":[{"href":"https:\/\/www.biserica-fortificata-viscri.ro\/de\/wp-json\/wp\/v2\/media?parent=187"}],"curies":[{"name":"wp","href":"https:\/\/api.w.org\/{rel}","templated":true}]}}