{"id":74,"date":"2023-11-15T15:48:46","date_gmt":"2023-11-15T13:48:46","guid":{"rendered":"https:\/\/dev.biserica-fortificata-viscri.ro\/en\/?page_id=74"},"modified":"2024-02-15T16:50:02","modified_gmt":"2024-02-15T14:50:02","slug":"linkuri-utile","status":"publish","type":"page","link":"https:\/\/www.biserica-fortificata-viscri.ro\/de\/links\/","title":{"rendered":"Links"},"content":{"rendered":"<p><\/p>\n<h3>Evangelische Kirche A.B. in Rum\u00e4nien<\/h3>\n<p>Die offizielle Website der Evangelischen Kirche in Rum\u00e4nien. <a href=\"https:\/\/www.evang.ro\/\" target=\"_blank\" rel=\"noopener\">https:\/\/www.evang.ro\/<\/a><\/p>\n<h3>Kulturwoche Haferland<\/h3>\n<p>Jedes Jahr findet im Hochsommer f\u00fcr drei bis sieben Tage<strong>\u00a0das Festival der Haferlandwoche\u00a0<\/strong>statt. Es<strong>\u00a0ist die gr\u00f6\u00dfte Veranstaltung in Rum\u00e4nien, die der F\u00f6rderung der Kultur und der Traditionen der siebenb\u00fcrgisch-s\u00e4chsischen Gemeinschaft gewidmet ist.<\/strong><\/p>\n<p>weblink: <a href=\"https:\/\/haferland.ro\/de\" target=\"_blank\" rel=\"noopener\">https:\/\/haferland.ro\/de<\/a><\/p>","protected":false},"excerpt":{"rendered":"<p>Evangelische Kirche A.B. in Rum\u00e4nien Die offizielle Website der Evangelischen Kirche in Rum\u00e4nien. https:\/\/www.evang.ro\/ Kulturwoche Haferland Jedes Jahr findet im Hochsommer f\u00fcr drei bis sieben Tage\u00a0das Festival der Haferlandwoche\u00a0statt. Es\u00a0ist die gr\u00f6\u00dfte Veranstaltung in Rum\u00e4nien, die der F\u00f6rderung der Kultur und der Traditionen der siebenb\u00fcrgisch-s\u00e4chsischen Gemeinschaft gewidmet ist. weblink: https:\/\/haferland.ro\/de<\/p>\n","protected":false},"author":2,"featured_media":0,"parent":0,"menu_order":0,"comment_status":"closed","ping_status":"closed","template":"","meta":{"footnotes":""},"class_list":["post-74","page","type-page","status-publish","hentry"],"yoast_head":"<!-- This site is optimized with the Yoast SEO plugin v27.5 - https:\/\/yoast.com\/product\/yoast-seo-wordpress\/ -->\n<title>Links - Kirchenburg Deutschwei\u00dfkirch<\/title>\n<meta name=\"robots\" content=\"index, follow, max-snippet:-1, max-image-preview:large, max-video-preview:-1\" \/>\n<link rel=\"canonical\" href=\"https:\/\/www.biserica-fortificata-viscri.ro\/de\/linkuri\/\" \/>\n<meta property=\"og:locale\" content=\"de_DE\" \/>\n<meta property=\"og:type\" content=\"article\" \/>\n<meta property=\"og:title\" content=\"Links - Kirchenburg Deutschwei\u00dfkirch\" \/>\n<meta property=\"og:description\" content=\"Evangelische Kirche A.B. in Rum\u00e4nien Die offizielle Website der Evangelischen Kirche in Rum\u00e4nien. https:\/\/www.evang.ro\/ Kulturwoche Haferland Jedes Jahr findet im Hochsommer f\u00fcr drei bis sieben Tage\u00a0das Festival der Haferlandwoche\u00a0statt. Es\u00a0ist die gr\u00f6\u00dfte Veranstaltung in Rum\u00e4nien, die der F\u00f6rderung der Kultur und der Traditionen der siebenb\u00fcrgisch-s\u00e4chsischen Gemeinschaft gewidmet ist. weblink: https:\/\/haferland.ro\/de\" \/>\n<meta property=\"og:url\" content=\"https:\/\/www.biserica-fortificata-viscri.ro\/de\/linkuri\/\" \/>\n<meta property=\"og:site_name\" content=\"Kirchenburg Deutschwei\u00dfkirch\" \/>\n<meta property=\"article:modified_time\" content=\"2024-02-15T14:50:02+00:00\" \/>\n<meta name=\"twitter:card\" content=\"summary_large_image\" \/>\n<meta name=\"twitter:label1\" content=\"Gesch\u00e4tzte Lesezeit\" \/>\n\t<meta name=\"twitter:data1\" content=\"1\u00a0Minute\" \/>\n<script type=\"application\/ld+json\" class=\"yoast-schema-graph\">{\"@context\":\"https:\\\/\\\/schema.org\",\"@graph\":[{\"@type\":\"WebPage\",\"@id\":\"https:\\\/\\\/www.biserica-fortificata-viscri.ro\\\/de\\\/linkuri\\\/\",\"url\":\"https:\\\/\\\/www.biserica-fortificata-viscri.ro\\\/de\\\/linkuri\\\/\",\"name\":\"Links - Kirchenburg Deutschwei\u00dfkirch\",\"isPartOf\":{\"@id\":\"https:\\\/\\\/www.biserica-fortificata-viscri.ro\\\/de\\\/#website\"},\"datePublished\":\"2023-11-15T13:48:46+00:00\",\"dateModified\":\"2024-02-15T14:50:02+00:00\",\"breadcrumb\":{\"@id\":\"https:\\\/\\\/www.biserica-fortificata-viscri.ro\\\/de\\\/linkuri\\\/#breadcrumb\"},\"inLanguage\":\"de\",\"potentialAction\":[{\"@type\":\"ReadAction\",\"target\":[[\"https:\\\/\\\/www.biserica-fortificata-viscri.ro\\\/de\\\/linkuri\\\/\"]]}]},{\"@type\":\"BreadcrumbList\",\"@id\":\"https:\\\/\\\/www.biserica-fortificata-viscri.ro\\\/de\\\/linkuri\\\/#breadcrumb\",\"itemListElement\":[{\"@type\":\"ListItem\",\"position\":1,\"name\":\"Home\",\"item\":\"https:\\\/\\\/www.biserica-fortificata-viscri.ro\\\/de\\\/\"},{\"@type\":\"ListItem\",\"position\":2,\"name\":\"Linkuri\"}]},{\"@type\":\"WebSite\",\"@id\":\"https:\\\/\\\/www.biserica-fortificata-viscri.ro\\\/de\\\/#website\",\"url\":\"https:\\\/\\\/www.biserica-fortificata-viscri.ro\\\/de\\\/\",\"name\":\"Kirchenburg Deutschwei\u00dfkirch\",\"description\":\"Offizielle Website Kirchenburg Deutschwei\u00dfkirch, Evangelische Kirche A.B. in Rum\u00e4nien\",\"potentialAction\":[{\"@type\":\"SearchAction\",\"target\":{\"@type\":\"EntryPoint\",\"urlTemplate\":\"https:\\\/\\\/www.biserica-fortificata-viscri.ro\\\/de\\\/?s={search_term_string}\"},\"query-input\":{\"@type\":\"PropertyValueSpecification\",\"valueRequired\":true,\"valueName\":\"search_term_string\"}}],\"inLanguage\":\"de\"}]}<\/script>\n<!-- \/ Yoast SEO plugin. -->","yoast_head_json":{"title":"Links - Kirchenburg Deutschwei\u00dfkirch","robots":{"index":"index","follow":"follow","max-snippet":"max-snippet:-1","max-image-preview":"max-image-preview:large","max-video-preview":"max-video-preview:-1"},"canonical":"https:\/\/www.biserica-fortificata-viscri.ro\/de\/linkuri\/","og_locale":"de_DE","og_type":"article","og_title":"Links - Kirchenburg Deutschwei\u00dfkirch","og_description":"Evangelische Kirche A.B. in Rum\u00e4nien Die offizielle Website der Evangelischen Kirche in Rum\u00e4nien. https:\/\/www.evang.ro\/ Kulturwoche Haferland Jedes Jahr findet im Hochsommer f\u00fcr drei bis sieben Tage\u00a0das Festival der Haferlandwoche\u00a0statt. Es\u00a0ist die gr\u00f6\u00dfte Veranstaltung in Rum\u00e4nien, die der F\u00f6rderung der Kultur und der Traditionen der siebenb\u00fcrgisch-s\u00e4chsischen Gemeinschaft gewidmet ist. weblink: https:\/\/haferland.ro\/de","og_url":"https:\/\/www.biserica-fortificata-viscri.ro\/de\/linkuri\/","og_site_name":"Kirchenburg Deutschwei\u00dfkirch","article_modified_time":"2024-02-15T14:50:02+00:00","twitter_card":"summary_large_image","twitter_misc":{"Gesch\u00e4tzte Lesezeit":"1\u00a0Minute"},"schema":{"@context":"https:\/\/schema.org","@graph":[{"@type":"WebPage","@id":"https:\/\/www.biserica-fortificata-viscri.ro\/de\/linkuri\/","url":"https:\/\/www.biserica-fortificata-viscri.ro\/de\/linkuri\/","name":"Links - Kirchenburg Deutschwei\u00dfkirch","isPartOf":{"@id":"https:\/\/www.biserica-fortificata-viscri.ro\/de\/#website"},"datePublished":"2023-11-15T13:48:46+00:00","dateModified":"2024-02-15T14:50:02+00:00","breadcrumb":{"@id":"https:\/\/www.biserica-fortificata-viscri.ro\/de\/linkuri\/#breadcrumb"},"inLanguage":"de","potentialAction":[{"@type":"ReadAction","target":[["https:\/\/www.biserica-fortificata-viscri.ro\/de\/linkuri\/"]]}]},{"@type":"BreadcrumbList","@id":"https:\/\/www.biserica-fortificata-viscri.ro\/de\/linkuri\/#breadcrumb","itemListElement":[{"@type":"ListItem","position":1,"name":"Home","item":"https:\/\/www.biserica-fortificata-viscri.ro\/de\/"},{"@type":"ListItem","position":2,"name":"Linkuri"}]},{"@type":"WebSite","@id":"https:\/\/www.biserica-fortificata-viscri.ro\/de\/#website","url":"https:\/\/www.biserica-fortificata-viscri.ro\/de\/","name":"Kirchenburg Deutschwei\u00dfkirch","description":"Offizielle Website Kirchenburg Deutschwei\u00dfkirch, Evangelische Kirche A.B. in Rum\u00e4nien","potentialAction":[{"@type":"SearchAction","target":{"@type":"EntryPoint","urlTemplate":"https:\/\/www.biserica-fortificata-viscri.ro\/de\/?s={search_term_string}"},"query-input":{"@type":"PropertyValueSpecification","valueRequired":true,"valueName":"search_term_string"}}],"inLanguage":"de"}]}},"_links":{"self":[{"href":"https:\/\/www.biserica-fortificata-viscri.ro\/de\/wp-json\/wp\/v2\/pages\/74","targetHints":{"allow":["GET"]}}],"collection":[{"href":"https:\/\/www.biserica-fortificata-viscri.ro\/de\/wp-json\/wp\/v2\/pages"}],"about":[{"href":"https:\/\/www.biserica-fortificata-viscri.ro\/de\/wp-json\/wp\/v2\/types\/page"}],"author":[{"embeddable":true,"href":"https:\/\/www.biserica-fortificata-viscri.ro\/de\/wp-json\/wp\/v2\/users\/2"}],"replies":[{"embeddable":true,"href":"https:\/\/www.biserica-fortificata-viscri.ro\/de\/wp-json\/wp\/v2\/comments?post=74"}],"version-history":[{"count":11,"href":"https:\/\/www.biserica-fortificata-viscri.ro\/de\/wp-json\/wp\/v2\/pages\/74\/revisions"}],"predecessor-version":[{"id":385,"href":"https:\/\/www.biserica-fortificata-viscri.ro\/de\/wp-json\/wp\/v2\/pages\/74\/revisions\/385"}],"wp:attachment":[{"href":"https:\/\/www.biserica-fortificata-viscri.ro\/de\/wp-json\/wp\/v2\/media?parent=74"}],"curies":[{"name":"wp","href":"https:\/\/api.w.org\/{rel}","templated":true}]}}