{"id":12,"date":"2023-11-13T10:46:56","date_gmt":"2023-11-13T08:46:56","guid":{"rendered":"https:\/\/dev.biserica-fortificata-viscri.ro\/en\/?page_id=12"},"modified":"2025-08-22T18:10:37","modified_gmt":"2025-08-22T15:10:37","slug":"info","status":"publish","type":"page","link":"https:\/\/www.biserica-fortificata-viscri.ro\/fr\/info\/","title":{"rendered":"Info"},"content":{"rendered":"<p><strong>Num\u00e9ro de portable: <\/strong>+40745 324 394<\/p>\n<p><strong>Adresse<\/strong>: str. Bisericii Nr. 52, satul Viscri, jude\u021bul Bra\u0219ov 507039, Rom\u00e2nia.<\/p>\n<p><strong>Navigation Google Maps<\/strong>: veuillez laisser vos voitures dans le parking sp\u00e9cialement am\u00e9nag\u00e9 (parking gratuit)<\/p>\n<ul>\n<li><a href=\"http:\/\/maps.app.goo.gl\/3YTGfyqUkP4iAKCM9\" target=\"_blank\" rel=\"noopener\">Parking<\/a><\/li>\n<li><a href=\"http:\/\/maps.app.goo.gl\/fZh6bc8tHwk9fdmL7\" target=\"_blank\" rel=\"noopener\">L&rsquo;\u00e9glise fortifi\u00e9e<\/a><\/li>\n<\/ul>\n<p><strong>Billet d&rsquo;entr\u00e9e<\/strong>:<\/p>\n<ul>\n<li style=\"list-style-type: none;\">\n<ul>\n<li>20 lei pour les adultes<\/li>\n<li>10 lei pour les enfants plus de 6 ans, \u00e9tudiants, et retrait\u00e9s plus de 65 ans<\/li>\n<\/ul>\n<\/li>\n<\/ul>\n<p>L&rsquo;usage des drones est interdit<\/p>","protected":false},"excerpt":{"rendered":"<p>Num\u00e9ro de portable: +40745 324 394 Adresse: str. Bisericii Nr. 52, satul Viscri, jude\u021bul Bra\u0219ov 507039, Rom\u00e2nia. Navigation Google Maps: veuillez laisser vos voitures dans le parking sp\u00e9cialement am\u00e9nag\u00e9 (parking gratuit) Parking L&rsquo;\u00e9glise fortifi\u00e9e Billet d&rsquo;entr\u00e9e: 20 lei pour les adultes 10 lei pour les enfants plus de 6 ans,&#8230;  <a class=\"excerpt-read-more\" href=\"https:\/\/www.biserica-fortificata-viscri.ro\/fr\/info\/\" title=\"LireInfo\">Lire la suite &raquo;<\/a><\/p>\n","protected":false},"author":2,"featured_media":82,"parent":0,"menu_order":0,"comment_status":"closed","ping_status":"closed","template":"","meta":{"footnotes":""},"class_list":["post-12","page","type-page","status-publish","has-post-thumbnail","hentry"],"yoast_head":"<!-- This site is optimized with the Yoast SEO plugin v27.5 - https:\/\/yoast.com\/product\/yoast-seo-wordpress\/ -->\n<title>Info - \u00c9glise fortifi\u00e9e de Viscri<\/title>\n<meta name=\"robots\" content=\"index, follow, max-snippet:-1, max-image-preview:large, max-video-preview:-1\" \/>\n<link rel=\"canonical\" href=\"https:\/\/www.biserica-fortificata-viscri.ro\/fr\/info\/\" \/>\n<meta property=\"og:locale\" content=\"fr_FR\" \/>\n<meta property=\"og:type\" content=\"article\" \/>\n<meta property=\"og:title\" content=\"Info - \u00c9glise fortifi\u00e9e de Viscri\" \/>\n<meta property=\"og:description\" content=\"Num\u00e9ro de portable: +40745 324 394 Adresse: str. Bisericii Nr. 52, satul Viscri, jude\u021bul Bra\u0219ov 507039, Rom\u00e2nia. Navigation Google Maps: veuillez laisser vos voitures dans le parking sp\u00e9cialement am\u00e9nag\u00e9 (parking gratuit) Parking L&rsquo;\u00e9glise fortifi\u00e9e Billet d&rsquo;entr\u00e9e: 20 lei pour les adultes 10 lei pour les enfants plus de 6 ans,... Lire la suite &raquo;\" \/>\n<meta property=\"og:url\" content=\"https:\/\/www.biserica-fortificata-viscri.ro\/fr\/info\/\" \/>\n<meta property=\"og:site_name\" content=\"\u00c9glise fortifi\u00e9e de Viscri\" \/>\n<meta property=\"article:modified_time\" content=\"2025-08-22T15:10:37+00:00\" \/>\n<meta property=\"og:image\" content=\"https:\/\/www.biserica-fortificata-viscri.ro\/wp-content\/uploads\/2023\/11\/IMG_8260_1600-crop.jpg\" \/>\n\t<meta property=\"og:image:width\" content=\"889\" \/>\n\t<meta property=\"og:image:height\" content=\"1600\" \/>\n\t<meta property=\"og:image:type\" content=\"image\/jpeg\" \/>\n<meta name=\"twitter:card\" content=\"summary_large_image\" \/>\n<meta name=\"twitter:label1\" content=\"Dur\u00e9e de lecture estim\u00e9e\" \/>\n\t<meta name=\"twitter:data1\" content=\"1 minute\" \/>\n<script type=\"application\/ld+json\" class=\"yoast-schema-graph\">{\"@context\":\"https:\\\/\\\/schema.org\",\"@graph\":[{\"@type\":\"WebPage\",\"@id\":\"https:\\\/\\\/www.biserica-fortificata-viscri.ro\\\/fr\\\/info\\\/\",\"url\":\"https:\\\/\\\/www.biserica-fortificata-viscri.ro\\\/fr\\\/info\\\/\",\"name\":\"Info - \u00c9glise fortifi\u00e9e de Viscri\",\"isPartOf\":{\"@id\":\"https:\\\/\\\/www.biserica-fortificata-viscri.ro\\\/fr\\\/#website\"},\"primaryImageOfPage\":{\"@id\":\"https:\\\/\\\/www.biserica-fortificata-viscri.ro\\\/fr\\\/info\\\/#primaryimage\"},\"image\":{\"@id\":\"https:\\\/\\\/www.biserica-fortificata-viscri.ro\\\/ro\\\/info\\\/#primaryimage\"},\"thumbnailUrl\":\"https:\\\/\\\/www.biserica-fortificata-viscri.ro\\\/wp-content\\\/uploads\\\/2023\\\/11\\\/IMG_8260_1600-crop.jpg\",\"datePublished\":\"2023-11-13T08:46:56+00:00\",\"dateModified\":\"2025-08-22T15:10:37+00:00\",\"breadcrumb\":{\"@id\":\"https:\\\/\\\/www.biserica-fortificata-viscri.ro\\\/fr\\\/info\\\/#breadcrumb\"},\"inLanguage\":\"fr-FR\",\"potentialAction\":[{\"@type\":\"ReadAction\",\"target\":[[\"https:\\\/\\\/www.biserica-fortificata-viscri.ro\\\/fr\\\/info\\\/\"]]}]},{\"@type\":\"ImageObject\",\"inLanguage\":\"fr-FR\",\"@id\":\"https:\\\/\\\/www.biserica-fortificata-viscri.ro\\\/fr\\\/info\\\/#primaryimage\",\"url\":\"https:\\\/\\\/www.biserica-fortificata-viscri.ro\\\/wp-content\\\/uploads\\\/2023\\\/11\\\/IMG_8260_1600-crop.jpg\",\"contentUrl\":\"https:\\\/\\\/www.biserica-fortificata-viscri.ro\\\/wp-content\\\/uploads\\\/2023\\\/11\\\/IMG_8260_1600-crop.jpg\",\"width\":889,\"height\":1600},{\"@type\":\"BreadcrumbList\",\"@id\":\"https:\\\/\\\/www.biserica-fortificata-viscri.ro\\\/fr\\\/info\\\/#breadcrumb\",\"itemListElement\":[{\"@type\":\"ListItem\",\"position\":1,\"name\":\"Home\",\"item\":\"https:\\\/\\\/www.biserica-fortificata-viscri.ro\\\/fr\\\/\"},{\"@type\":\"ListItem\",\"position\":2,\"name\":\"Info\"}]},{\"@type\":\"WebSite\",\"@id\":\"https:\\\/\\\/www.biserica-fortificata-viscri.ro\\\/fr\\\/#website\",\"url\":\"https:\\\/\\\/www.biserica-fortificata-viscri.ro\\\/fr\\\/\",\"name\":\"\u00c9glise fortifi\u00e9e de Viscri\",\"description\":\"Site officiel de l&#039;\u00c9glise Fortifi\u00e9e de Viscri, \u00c9glise \u00c9vang\u00e9lique A. C. Roumanie\",\"potentialAction\":[{\"@type\":\"SearchAction\",\"target\":{\"@type\":\"EntryPoint\",\"urlTemplate\":\"https:\\\/\\\/www.biserica-fortificata-viscri.ro\\\/fr\\\/?s={search_term_string}\"},\"query-input\":{\"@type\":\"PropertyValueSpecification\",\"valueRequired\":true,\"valueName\":\"search_term_string\"}}],\"inLanguage\":\"fr-FR\"}]}<\/script>\n<!-- \/ Yoast SEO plugin. -->","yoast_head_json":{"title":"Info - \u00c9glise fortifi\u00e9e de Viscri","robots":{"index":"index","follow":"follow","max-snippet":"max-snippet:-1","max-image-preview":"max-image-preview:large","max-video-preview":"max-video-preview:-1"},"canonical":"https:\/\/www.biserica-fortificata-viscri.ro\/fr\/info\/","og_locale":"fr_FR","og_type":"article","og_title":"Info - \u00c9glise fortifi\u00e9e de Viscri","og_description":"Num\u00e9ro de portable: +40745 324 394 Adresse: str. Bisericii Nr. 52, satul Viscri, jude\u021bul Bra\u0219ov 507039, Rom\u00e2nia. Navigation Google Maps: veuillez laisser vos voitures dans le parking sp\u00e9cialement am\u00e9nag\u00e9 (parking gratuit) Parking L&rsquo;\u00e9glise fortifi\u00e9e Billet d&rsquo;entr\u00e9e: 20 lei pour les adultes 10 lei pour les enfants plus de 6 ans,... Lire la suite &raquo;","og_url":"https:\/\/www.biserica-fortificata-viscri.ro\/fr\/info\/","og_site_name":"\u00c9glise fortifi\u00e9e de Viscri","article_modified_time":"2025-08-22T15:10:37+00:00","og_image":[{"width":889,"height":1600,"url":"https:\/\/www.biserica-fortificata-viscri.ro\/wp-content\/uploads\/2023\/11\/IMG_8260_1600-crop.jpg","type":"image\/jpeg"}],"twitter_card":"summary_large_image","twitter_misc":{"Dur\u00e9e de lecture estim\u00e9e":"1 minute"},"schema":{"@context":"https:\/\/schema.org","@graph":[{"@type":"WebPage","@id":"https:\/\/www.biserica-fortificata-viscri.ro\/fr\/info\/","url":"https:\/\/www.biserica-fortificata-viscri.ro\/fr\/info\/","name":"Info - \u00c9glise fortifi\u00e9e de Viscri","isPartOf":{"@id":"https:\/\/www.biserica-fortificata-viscri.ro\/fr\/#website"},"primaryImageOfPage":{"@id":"https:\/\/www.biserica-fortificata-viscri.ro\/fr\/info\/#primaryimage"},"image":{"@id":"https:\/\/www.biserica-fortificata-viscri.ro\/ro\/info\/#primaryimage"},"thumbnailUrl":"https:\/\/www.biserica-fortificata-viscri.ro\/wp-content\/uploads\/2023\/11\/IMG_8260_1600-crop.jpg","datePublished":"2023-11-13T08:46:56+00:00","dateModified":"2025-08-22T15:10:37+00:00","breadcrumb":{"@id":"https:\/\/www.biserica-fortificata-viscri.ro\/fr\/info\/#breadcrumb"},"inLanguage":"fr-FR","potentialAction":[{"@type":"ReadAction","target":[["https:\/\/www.biserica-fortificata-viscri.ro\/fr\/info\/"]]}]},{"@type":"ImageObject","inLanguage":"fr-FR","@id":"https:\/\/www.biserica-fortificata-viscri.ro\/fr\/info\/#primaryimage","url":"https:\/\/www.biserica-fortificata-viscri.ro\/wp-content\/uploads\/2023\/11\/IMG_8260_1600-crop.jpg","contentUrl":"https:\/\/www.biserica-fortificata-viscri.ro\/wp-content\/uploads\/2023\/11\/IMG_8260_1600-crop.jpg","width":889,"height":1600},{"@type":"BreadcrumbList","@id":"https:\/\/www.biserica-fortificata-viscri.ro\/fr\/info\/#breadcrumb","itemListElement":[{"@type":"ListItem","position":1,"name":"Home","item":"https:\/\/www.biserica-fortificata-viscri.ro\/fr\/"},{"@type":"ListItem","position":2,"name":"Info"}]},{"@type":"WebSite","@id":"https:\/\/www.biserica-fortificata-viscri.ro\/fr\/#website","url":"https:\/\/www.biserica-fortificata-viscri.ro\/fr\/","name":"\u00c9glise fortifi\u00e9e de Viscri","description":"Site officiel de l&#039;\u00c9glise Fortifi\u00e9e de Viscri, \u00c9glise \u00c9vang\u00e9lique A. C. Roumanie","potentialAction":[{"@type":"SearchAction","target":{"@type":"EntryPoint","urlTemplate":"https:\/\/www.biserica-fortificata-viscri.ro\/fr\/?s={search_term_string}"},"query-input":{"@type":"PropertyValueSpecification","valueRequired":true,"valueName":"search_term_string"}}],"inLanguage":"fr-FR"}]}},"_links":{"self":[{"href":"https:\/\/www.biserica-fortificata-viscri.ro\/fr\/wp-json\/wp\/v2\/pages\/12","targetHints":{"allow":["GET"]}}],"collection":[{"href":"https:\/\/www.biserica-fortificata-viscri.ro\/fr\/wp-json\/wp\/v2\/pages"}],"about":[{"href":"https:\/\/www.biserica-fortificata-viscri.ro\/fr\/wp-json\/wp\/v2\/types\/page"}],"author":[{"embeddable":true,"href":"https:\/\/www.biserica-fortificata-viscri.ro\/fr\/wp-json\/wp\/v2\/users\/2"}],"replies":[{"embeddable":true,"href":"https:\/\/www.biserica-fortificata-viscri.ro\/fr\/wp-json\/wp\/v2\/comments?post=12"}],"version-history":[{"count":37,"href":"https:\/\/www.biserica-fortificata-viscri.ro\/fr\/wp-json\/wp\/v2\/pages\/12\/revisions"}],"predecessor-version":[{"id":730,"href":"https:\/\/www.biserica-fortificata-viscri.ro\/fr\/wp-json\/wp\/v2\/pages\/12\/revisions\/730"}],"wp:featuredmedia":[{"embeddable":true,"href":"https:\/\/www.biserica-fortificata-viscri.ro\/fr\/wp-json\/wp\/v2\/media\/82"}],"wp:attachment":[{"href":"https:\/\/www.biserica-fortificata-viscri.ro\/fr\/wp-json\/wp\/v2\/media?parent=12"}],"curies":[{"name":"wp","href":"https:\/\/api.w.org\/{rel}","templated":true}]}}