{"id":187,"date":"2023-11-22T12:58:20","date_gmt":"2023-11-22T10:58:20","guid":{"rendered":"https:\/\/dev.biserica-fortificata-viscri.ro\/en\/?page_id=187"},"modified":"2024-02-15T13:51:21","modified_gmt":"2024-02-15T11:51:21","slug":"contact","status":"publish","type":"page","link":"https:\/\/www.biserica-fortificata-viscri.ro\/fr\/en-contact\/","title":{"rendered":"(en) Contact"},"content":{"rendered":"<p class=\"qtranxs-available-languages-message qtranxs-available-languages-message-fr\">D\u00e9sol\u00e9, cet article est seulement disponible en <a href=\"https:\/\/www.biserica-fortificata-viscri.ro\/en\/wp-json\/wp\/v2\/pages\/187\" class=\"qtranxs-available-language-link qtranxs-available-language-link-en\" title=\"en\">en<\/a>, <a href=\"https:\/\/www.biserica-fortificata-viscri.ro\/de\/wp-json\/wp\/v2\/pages\/187\" class=\"qtranxs-available-language-link qtranxs-available-language-link-de\" title=\"de\">de<\/a> et <a href=\"https:\/\/www.biserica-fortificata-viscri.ro\/ro\/wp-json\/wp\/v2\/pages\/187\" class=\"qtranxs-available-language-link qtranxs-available-language-link-ro\" title=\"ro\">ro<\/a>.<\/p>","protected":false},"excerpt":{"rendered":"<p>D\u00e9sol\u00e9, cet article est seulement disponible en en, de et ro.<\/p>\n","protected":false},"author":2,"featured_media":0,"parent":0,"menu_order":0,"comment_status":"closed","ping_status":"closed","template":"","meta":{"footnotes":""},"class_list":["post-187","page","type-page","status-publish","hentry"],"yoast_head":"<!-- This site is optimized with the Yoast SEO plugin v27.3 - https:\/\/yoast.com\/product\/yoast-seo-wordpress\/ -->\n<title>(en) Contact - \u00c9glise fortifi\u00e9e de Viscri<\/title>\n<meta name=\"robots\" content=\"index, follow, max-snippet:-1, max-image-preview:large, max-video-preview:-1\" \/>\n<link rel=\"canonical\" href=\"https:\/\/www.biserica-fortificata-viscri.ro\/fr\/kontakt\/\" \/>\n<meta property=\"og:locale\" content=\"fr_FR\" \/>\n<meta property=\"og:type\" content=\"article\" \/>\n<meta property=\"og:title\" content=\"(en) Contact - \u00c9glise fortifi\u00e9e de Viscri\" \/>\n<meta property=\"og:description\" content=\"D\u00e9sol\u00e9, cet article est seulement disponible en en, de et ro.\" \/>\n<meta property=\"og:url\" content=\"https:\/\/www.biserica-fortificata-viscri.ro\/fr\/kontakt\/\" \/>\n<meta property=\"og:site_name\" content=\"\u00c9glise fortifi\u00e9e de Viscri\" \/>\n<meta property=\"article:modified_time\" content=\"2024-02-15T11:51:21+00:00\" \/>\n<meta name=\"twitter:card\" content=\"summary_large_image\" \/>\n<meta name=\"twitter:label1\" content=\"Dur\u00e9e de lecture estim\u00e9e\" \/>\n\t<meta name=\"twitter:data1\" content=\"1 minute\" \/>\n<script type=\"application\/ld+json\" class=\"yoast-schema-graph\">{\"@context\":\"https:\\\/\\\/schema.org\",\"@graph\":[{\"@type\":\"WebPage\",\"@id\":\"https:\\\/\\\/www.biserica-fortificata-viscri.ro\\\/fr\\\/kontakt\\\/\",\"url\":\"https:\\\/\\\/www.biserica-fortificata-viscri.ro\\\/fr\\\/kontakt\\\/\",\"name\":\"(en) Contact - \u00c9glise fortifi\u00e9e de Viscri\",\"isPartOf\":{\"@id\":\"https:\\\/\\\/www.biserica-fortificata-viscri.ro\\\/fr\\\/#website\"},\"datePublished\":\"2023-11-22T10:58:20+00:00\",\"dateModified\":\"2024-02-15T11:51:21+00:00\",\"breadcrumb\":{\"@id\":\"https:\\\/\\\/www.biserica-fortificata-viscri.ro\\\/fr\\\/kontakt\\\/#breadcrumb\"},\"inLanguage\":\"fr-FR\",\"potentialAction\":[{\"@type\":\"ReadAction\",\"target\":[[\"https:\\\/\\\/www.biserica-fortificata-viscri.ro\\\/fr\\\/kontakt\\\/\"]]}]},{\"@type\":\"BreadcrumbList\",\"@id\":\"https:\\\/\\\/www.biserica-fortificata-viscri.ro\\\/fr\\\/kontakt\\\/#breadcrumb\",\"itemListElement\":[{\"@type\":\"ListItem\",\"position\":1,\"name\":\"Home\",\"item\":\"https:\\\/\\\/www.biserica-fortificata-viscri.ro\\\/fr\\\/\"},{\"@type\":\"ListItem\",\"position\":2,\"name\":\"Kontakt\"}]},{\"@type\":\"WebSite\",\"@id\":\"https:\\\/\\\/www.biserica-fortificata-viscri.ro\\\/fr\\\/#website\",\"url\":\"https:\\\/\\\/www.biserica-fortificata-viscri.ro\\\/fr\\\/\",\"name\":\"\u00c9glise fortifi\u00e9e de Viscri\",\"description\":\"Site officiel de l&#039;\u00c9glise Fortifi\u00e9e de Viscri, \u00c9glise \u00c9vang\u00e9lique A. C. Roumanie\",\"potentialAction\":[{\"@type\":\"SearchAction\",\"target\":{\"@type\":\"EntryPoint\",\"urlTemplate\":\"https:\\\/\\\/www.biserica-fortificata-viscri.ro\\\/fr\\\/?s={search_term_string}\"},\"query-input\":{\"@type\":\"PropertyValueSpecification\",\"valueRequired\":true,\"valueName\":\"search_term_string\"}}],\"inLanguage\":\"fr-FR\"}]}<\/script>\n<!-- \/ Yoast SEO plugin. -->","yoast_head_json":{"title":"(en) Contact - \u00c9glise fortifi\u00e9e de Viscri","robots":{"index":"index","follow":"follow","max-snippet":"max-snippet:-1","max-image-preview":"max-image-preview:large","max-video-preview":"max-video-preview:-1"},"canonical":"https:\/\/www.biserica-fortificata-viscri.ro\/fr\/kontakt\/","og_locale":"fr_FR","og_type":"article","og_title":"(en) Contact - \u00c9glise fortifi\u00e9e de Viscri","og_description":"D\u00e9sol\u00e9, cet article est seulement disponible en en, de et ro.","og_url":"https:\/\/www.biserica-fortificata-viscri.ro\/fr\/kontakt\/","og_site_name":"\u00c9glise fortifi\u00e9e de Viscri","article_modified_time":"2024-02-15T11:51:21+00:00","twitter_card":"summary_large_image","twitter_misc":{"Dur\u00e9e de lecture estim\u00e9e":"1 minute"},"schema":{"@context":"https:\/\/schema.org","@graph":[{"@type":"WebPage","@id":"https:\/\/www.biserica-fortificata-viscri.ro\/fr\/kontakt\/","url":"https:\/\/www.biserica-fortificata-viscri.ro\/fr\/kontakt\/","name":"(en) Contact - \u00c9glise fortifi\u00e9e de Viscri","isPartOf":{"@id":"https:\/\/www.biserica-fortificata-viscri.ro\/fr\/#website"},"datePublished":"2023-11-22T10:58:20+00:00","dateModified":"2024-02-15T11:51:21+00:00","breadcrumb":{"@id":"https:\/\/www.biserica-fortificata-viscri.ro\/fr\/kontakt\/#breadcrumb"},"inLanguage":"fr-FR","potentialAction":[{"@type":"ReadAction","target":[["https:\/\/www.biserica-fortificata-viscri.ro\/fr\/kontakt\/"]]}]},{"@type":"BreadcrumbList","@id":"https:\/\/www.biserica-fortificata-viscri.ro\/fr\/kontakt\/#breadcrumb","itemListElement":[{"@type":"ListItem","position":1,"name":"Home","item":"https:\/\/www.biserica-fortificata-viscri.ro\/fr\/"},{"@type":"ListItem","position":2,"name":"Kontakt"}]},{"@type":"WebSite","@id":"https:\/\/www.biserica-fortificata-viscri.ro\/fr\/#website","url":"https:\/\/www.biserica-fortificata-viscri.ro\/fr\/","name":"\u00c9glise fortifi\u00e9e de Viscri","description":"Site officiel de l&#039;\u00c9glise Fortifi\u00e9e de Viscri, \u00c9glise \u00c9vang\u00e9lique A. C. Roumanie","potentialAction":[{"@type":"SearchAction","target":{"@type":"EntryPoint","urlTemplate":"https:\/\/www.biserica-fortificata-viscri.ro\/fr\/?s={search_term_string}"},"query-input":{"@type":"PropertyValueSpecification","valueRequired":true,"valueName":"search_term_string"}}],"inLanguage":"fr-FR"}]}},"_links":{"self":[{"href":"https:\/\/www.biserica-fortificata-viscri.ro\/fr\/wp-json\/wp\/v2\/pages\/187","targetHints":{"allow":["GET"]}}],"collection":[{"href":"https:\/\/www.biserica-fortificata-viscri.ro\/fr\/wp-json\/wp\/v2\/pages"}],"about":[{"href":"https:\/\/www.biserica-fortificata-viscri.ro\/fr\/wp-json\/wp\/v2\/types\/page"}],"author":[{"embeddable":true,"href":"https:\/\/www.biserica-fortificata-viscri.ro\/fr\/wp-json\/wp\/v2\/users\/2"}],"replies":[{"embeddable":true,"href":"https:\/\/www.biserica-fortificata-viscri.ro\/fr\/wp-json\/wp\/v2\/comments?post=187"}],"version-history":[{"count":11,"href":"https:\/\/www.biserica-fortificata-viscri.ro\/fr\/wp-json\/wp\/v2\/pages\/187\/revisions"}],"predecessor-version":[{"id":370,"href":"https:\/\/www.biserica-fortificata-viscri.ro\/fr\/wp-json\/wp\/v2\/pages\/187\/revisions\/370"}],"wp:attachment":[{"href":"https:\/\/www.biserica-fortificata-viscri.ro\/fr\/wp-json\/wp\/v2\/media?parent=187"}],"curies":[{"name":"wp","href":"https:\/\/api.w.org\/{rel}","templated":true}]}}