{"id":12,"date":"2023-11-13T10:46:56","date_gmt":"2023-11-13T08:46:56","guid":{"rendered":"https:\/\/dev.biserica-fortificata-viscri.ro\/en\/?page_id=12"},"modified":"2025-08-22T18:10:37","modified_gmt":"2025-08-22T15:10:37","slug":"info","status":"publish","type":"page","link":"https:\/\/www.biserica-fortificata-viscri.ro\/ro\/info\/","title":{"rendered":"Info"},"content":{"rendered":"<p><strong>Telefon: <\/strong>+40745 324 394<\/p>\n<p><strong>Adres\u0103<\/strong>: str. Bisericii Nr. 52, satul Viscri, jude\u021bul Bra\u0219ov 507039, Rom\u00e2nia.<\/p>\n<p><strong>Navigare Google Maps<\/strong>: v\u0103 rug\u0103m s\u0103 l\u0103sa\u021bi ma\u0219inile \u00een parcarea special amenajat\u0103 (parcare gratuit\u0103):<\/p>\n<ul>\n<li><a href=\"http:\/\/maps.app.goo.gl\/3YTGfyqUkP4iAKCM9\" target=\"_blank\" rel=\"noopener\">Parcare<\/a><\/li>\n<li><a href=\"http:\/\/maps.app.goo.gl\/fZh6bc8tHwk9fdmL7\" target=\"_blank\" rel=\"noopener\">Biserica<\/a><\/li>\n<\/ul>\n<p><strong>Bilet de intrare<\/strong>:<\/p>\n<ul>\n<li style=\"list-style-type: none;\">\n<ul>\n<li>20 lei adul\u021bi<\/li>\n<li>10 lei copii peste 6 ani, studen\u021bi, pensionari peste 65 ani<\/li>\n<\/ul>\n<\/li>\n<\/ul>\n<p>Este interzis\u0103 folosirea dronelor.<\/p>","protected":false},"excerpt":{"rendered":"<p>Telefon: +40745 324 394 Adres\u0103: str. Bisericii Nr. 52, satul Viscri, jude\u021bul Bra\u0219ov 507039, Rom\u00e2nia. Navigare Google Maps: v\u0103 rug\u0103m s\u0103 l\u0103sa\u021bi ma\u0219inile \u00een parcarea special amenajat\u0103 (parcare gratuit\u0103): Parcare Biserica Bilet de intrare: 20 lei adul\u021bi 10 lei copii peste 6 ani, studen\u021bi, pensionari peste 65 ani Este interzis\u0103&#8230;  <a class=\"excerpt-read-more\" href=\"https:\/\/www.biserica-fortificata-viscri.ro\/ro\/info\/\" title=\"Read Info\">Cite\u0219te mai mult &raquo;<\/a><\/p>\n","protected":false},"author":2,"featured_media":82,"parent":0,"menu_order":0,"comment_status":"closed","ping_status":"closed","template":"","meta":{"footnotes":""},"class_list":["post-12","page","type-page","status-publish","has-post-thumbnail","hentry"],"yoast_head":"<!-- This site is optimized with the Yoast SEO plugin v27.5 - https:\/\/yoast.com\/product\/yoast-seo-wordpress\/ -->\n<title>Info - Biserica Fortificat\u0103 Viscri<\/title>\n<meta name=\"robots\" content=\"index, follow, max-snippet:-1, max-image-preview:large, max-video-preview:-1\" \/>\n<link rel=\"canonical\" href=\"https:\/\/www.biserica-fortificata-viscri.ro\/ro\/info\/\" \/>\n<meta property=\"og:locale\" content=\"ro_RO\" \/>\n<meta property=\"og:type\" content=\"article\" \/>\n<meta property=\"og:title\" content=\"Info - Biserica Fortificat\u0103 Viscri\" \/>\n<meta property=\"og:description\" content=\"Telefon: +40745 324 394 Adres\u0103: str. Bisericii Nr. 52, satul Viscri, jude\u021bul Bra\u0219ov 507039, Rom\u00e2nia. Navigare Google Maps: v\u0103 rug\u0103m s\u0103 l\u0103sa\u021bi ma\u0219inile \u00een parcarea special amenajat\u0103 (parcare gratuit\u0103): Parcare Biserica Bilet de intrare: 20 lei adul\u021bi 10 lei copii peste 6 ani, studen\u021bi, pensionari peste 65 ani Este interzis\u0103... Cite\u0219te mai mult &raquo;\" \/>\n<meta property=\"og:url\" content=\"https:\/\/www.biserica-fortificata-viscri.ro\/ro\/info\/\" \/>\n<meta property=\"og:site_name\" content=\"Biserica Fortificat\u0103 Viscri\" \/>\n<meta property=\"article:modified_time\" content=\"2025-08-22T15:10:37+00:00\" \/>\n<meta property=\"og:image\" content=\"https:\/\/www.biserica-fortificata-viscri.ro\/wp-content\/uploads\/2023\/11\/IMG_8260_1600-crop.jpg\" \/>\n\t<meta property=\"og:image:width\" content=\"889\" \/>\n\t<meta property=\"og:image:height\" content=\"1600\" \/>\n\t<meta property=\"og:image:type\" content=\"image\/jpeg\" \/>\n<meta name=\"twitter:card\" content=\"summary_large_image\" \/>\n<meta name=\"twitter:label1\" content=\"Timp estimat pentru citire\" \/>\n\t<meta name=\"twitter:data1\" content=\"1 minut\" \/>\n<script type=\"application\/ld+json\" class=\"yoast-schema-graph\">{\"@context\":\"https:\\\/\\\/schema.org\",\"@graph\":[{\"@type\":\"WebPage\",\"@id\":\"https:\\\/\\\/www.biserica-fortificata-viscri.ro\\\/ro\\\/info\\\/\",\"url\":\"https:\\\/\\\/www.biserica-fortificata-viscri.ro\\\/ro\\\/info\\\/\",\"name\":\"Info - Biserica Fortificat\u0103 Viscri\",\"isPartOf\":{\"@id\":\"https:\\\/\\\/www.biserica-fortificata-viscri.ro\\\/ro\\\/#website\"},\"primaryImageOfPage\":{\"@id\":\"https:\\\/\\\/www.biserica-fortificata-viscri.ro\\\/ro\\\/info\\\/#primaryimage\"},\"image\":{\"@id\":\"https:\\\/\\\/www.biserica-fortificata-viscri.ro\\\/ro\\\/info\\\/#primaryimage\"},\"thumbnailUrl\":\"https:\\\/\\\/www.biserica-fortificata-viscri.ro\\\/wp-content\\\/uploads\\\/2023\\\/11\\\/IMG_8260_1600-crop.jpg\",\"datePublished\":\"2023-11-13T08:46:56+00:00\",\"dateModified\":\"2025-08-22T15:10:37+00:00\",\"breadcrumb\":{\"@id\":\"https:\\\/\\\/www.biserica-fortificata-viscri.ro\\\/ro\\\/info\\\/#breadcrumb\"},\"inLanguage\":\"ro-RO\",\"potentialAction\":[{\"@type\":\"ReadAction\",\"target\":[[\"https:\\\/\\\/www.biserica-fortificata-viscri.ro\\\/ro\\\/info\\\/\"]]}]},{\"@type\":\"ImageObject\",\"inLanguage\":\"ro-RO\",\"@id\":\"https:\\\/\\\/www.biserica-fortificata-viscri.ro\\\/ro\\\/info\\\/#primaryimage\",\"url\":\"https:\\\/\\\/www.biserica-fortificata-viscri.ro\\\/wp-content\\\/uploads\\\/2023\\\/11\\\/IMG_8260_1600-crop.jpg\",\"contentUrl\":\"https:\\\/\\\/www.biserica-fortificata-viscri.ro\\\/wp-content\\\/uploads\\\/2023\\\/11\\\/IMG_8260_1600-crop.jpg\",\"width\":889,\"height\":1600},{\"@type\":\"BreadcrumbList\",\"@id\":\"https:\\\/\\\/www.biserica-fortificata-viscri.ro\\\/ro\\\/info\\\/#breadcrumb\",\"itemListElement\":[{\"@type\":\"ListItem\",\"position\":1,\"name\":\"Home\",\"item\":\"https:\\\/\\\/www.biserica-fortificata-viscri.ro\\\/ro\\\/\"},{\"@type\":\"ListItem\",\"position\":2,\"name\":\"Info\"}]},{\"@type\":\"WebSite\",\"@id\":\"https:\\\/\\\/www.biserica-fortificata-viscri.ro\\\/ro\\\/#website\",\"url\":\"https:\\\/\\\/www.biserica-fortificata-viscri.ro\\\/ro\\\/\",\"name\":\"Biserica Fortificat\u0103 Viscri\",\"description\":\"Site-ul oficial al Bisericii Fortificate Viscri, Biserica Evanghelic\u0103 C. A. \u00een Rom\u00e2nia\",\"potentialAction\":[{\"@type\":\"SearchAction\",\"target\":{\"@type\":\"EntryPoint\",\"urlTemplate\":\"https:\\\/\\\/www.biserica-fortificata-viscri.ro\\\/ro\\\/?s={search_term_string}\"},\"query-input\":{\"@type\":\"PropertyValueSpecification\",\"valueRequired\":true,\"valueName\":\"search_term_string\"}}],\"inLanguage\":\"ro-RO\"}]}<\/script>\n<!-- \/ Yoast SEO plugin. -->","yoast_head_json":{"title":"Info - Biserica Fortificat\u0103 Viscri","robots":{"index":"index","follow":"follow","max-snippet":"max-snippet:-1","max-image-preview":"max-image-preview:large","max-video-preview":"max-video-preview:-1"},"canonical":"https:\/\/www.biserica-fortificata-viscri.ro\/ro\/info\/","og_locale":"ro_RO","og_type":"article","og_title":"Info - Biserica Fortificat\u0103 Viscri","og_description":"Telefon: +40745 324 394 Adres\u0103: str. Bisericii Nr. 52, satul Viscri, jude\u021bul Bra\u0219ov 507039, Rom\u00e2nia. Navigare Google Maps: v\u0103 rug\u0103m s\u0103 l\u0103sa\u021bi ma\u0219inile \u00een parcarea special amenajat\u0103 (parcare gratuit\u0103): Parcare Biserica Bilet de intrare: 20 lei adul\u021bi 10 lei copii peste 6 ani, studen\u021bi, pensionari peste 65 ani Este interzis\u0103... Cite\u0219te mai mult &raquo;","og_url":"https:\/\/www.biserica-fortificata-viscri.ro\/ro\/info\/","og_site_name":"Biserica Fortificat\u0103 Viscri","article_modified_time":"2025-08-22T15:10:37+00:00","og_image":[{"width":889,"height":1600,"url":"https:\/\/www.biserica-fortificata-viscri.ro\/wp-content\/uploads\/2023\/11\/IMG_8260_1600-crop.jpg","type":"image\/jpeg"}],"twitter_card":"summary_large_image","twitter_misc":{"Timp estimat pentru citire":"1 minut"},"schema":{"@context":"https:\/\/schema.org","@graph":[{"@type":"WebPage","@id":"https:\/\/www.biserica-fortificata-viscri.ro\/ro\/info\/","url":"https:\/\/www.biserica-fortificata-viscri.ro\/ro\/info\/","name":"Info - Biserica Fortificat\u0103 Viscri","isPartOf":{"@id":"https:\/\/www.biserica-fortificata-viscri.ro\/ro\/#website"},"primaryImageOfPage":{"@id":"https:\/\/www.biserica-fortificata-viscri.ro\/ro\/info\/#primaryimage"},"image":{"@id":"https:\/\/www.biserica-fortificata-viscri.ro\/ro\/info\/#primaryimage"},"thumbnailUrl":"https:\/\/www.biserica-fortificata-viscri.ro\/wp-content\/uploads\/2023\/11\/IMG_8260_1600-crop.jpg","datePublished":"2023-11-13T08:46:56+00:00","dateModified":"2025-08-22T15:10:37+00:00","breadcrumb":{"@id":"https:\/\/www.biserica-fortificata-viscri.ro\/ro\/info\/#breadcrumb"},"inLanguage":"ro-RO","potentialAction":[{"@type":"ReadAction","target":[["https:\/\/www.biserica-fortificata-viscri.ro\/ro\/info\/"]]}]},{"@type":"ImageObject","inLanguage":"ro-RO","@id":"https:\/\/www.biserica-fortificata-viscri.ro\/ro\/info\/#primaryimage","url":"https:\/\/www.biserica-fortificata-viscri.ro\/wp-content\/uploads\/2023\/11\/IMG_8260_1600-crop.jpg","contentUrl":"https:\/\/www.biserica-fortificata-viscri.ro\/wp-content\/uploads\/2023\/11\/IMG_8260_1600-crop.jpg","width":889,"height":1600},{"@type":"BreadcrumbList","@id":"https:\/\/www.biserica-fortificata-viscri.ro\/ro\/info\/#breadcrumb","itemListElement":[{"@type":"ListItem","position":1,"name":"Home","item":"https:\/\/www.biserica-fortificata-viscri.ro\/ro\/"},{"@type":"ListItem","position":2,"name":"Info"}]},{"@type":"WebSite","@id":"https:\/\/www.biserica-fortificata-viscri.ro\/ro\/#website","url":"https:\/\/www.biserica-fortificata-viscri.ro\/ro\/","name":"Biserica Fortificat\u0103 Viscri","description":"Site-ul oficial al Bisericii Fortificate Viscri, Biserica Evanghelic\u0103 C. A. \u00een Rom\u00e2nia","potentialAction":[{"@type":"SearchAction","target":{"@type":"EntryPoint","urlTemplate":"https:\/\/www.biserica-fortificata-viscri.ro\/ro\/?s={search_term_string}"},"query-input":{"@type":"PropertyValueSpecification","valueRequired":true,"valueName":"search_term_string"}}],"inLanguage":"ro-RO"}]}},"_links":{"self":[{"href":"https:\/\/www.biserica-fortificata-viscri.ro\/ro\/wp-json\/wp\/v2\/pages\/12","targetHints":{"allow":["GET"]}}],"collection":[{"href":"https:\/\/www.biserica-fortificata-viscri.ro\/ro\/wp-json\/wp\/v2\/pages"}],"about":[{"href":"https:\/\/www.biserica-fortificata-viscri.ro\/ro\/wp-json\/wp\/v2\/types\/page"}],"author":[{"embeddable":true,"href":"https:\/\/www.biserica-fortificata-viscri.ro\/ro\/wp-json\/wp\/v2\/users\/2"}],"replies":[{"embeddable":true,"href":"https:\/\/www.biserica-fortificata-viscri.ro\/ro\/wp-json\/wp\/v2\/comments?post=12"}],"version-history":[{"count":37,"href":"https:\/\/www.biserica-fortificata-viscri.ro\/ro\/wp-json\/wp\/v2\/pages\/12\/revisions"}],"predecessor-version":[{"id":730,"href":"https:\/\/www.biserica-fortificata-viscri.ro\/ro\/wp-json\/wp\/v2\/pages\/12\/revisions\/730"}],"wp:featuredmedia":[{"embeddable":true,"href":"https:\/\/www.biserica-fortificata-viscri.ro\/ro\/wp-json\/wp\/v2\/media\/82"}],"wp:attachment":[{"href":"https:\/\/www.biserica-fortificata-viscri.ro\/ro\/wp-json\/wp\/v2\/media?parent=12"}],"curies":[{"name":"wp","href":"https:\/\/api.w.org\/{rel}","templated":true}]}}