{"id":187,"date":"2023-11-22T12:58:20","date_gmt":"2023-11-22T10:58:20","guid":{"rendered":"https:\/\/dev.biserica-fortificata-viscri.ro\/en\/?page_id=187"},"modified":"2024-02-15T13:51:21","modified_gmt":"2024-02-15T11:51:21","slug":"contact","status":"publish","type":"page","link":"https:\/\/www.biserica-fortificata-viscri.ro\/ro\/ontact\/","title":{"rendered":"Contact"},"content":{"rendered":"<p>Ne pute\u021bi scrie la adresa de email <strong>evang.dwk@gmail.com<\/strong>, ne pute\u021bi suna la <strong>+40745 324 394<\/strong>, sau folosi\u021bi formularul urm\u0103tor:<\/p>\n<p>\n\t\t\t<div class=\"ccf-form-wrapper form-id-251\" data-form-id=\"251\">\n\t\t\t\t<form  class=\"ccf-form ccf-theme-default\" method=\"post\" action=\"?v=1778752544\" data-form-id=\"251\">\n\n\t\t\t\t\t\t\t\t\t\t\t\t\t\t\t\t\t\t<div class=\"form-title\">\n\t\t\t\t\t\t\t\tTrimite\u021bi-ne un mesaj\t\t\t\t\t\t\t<\/div>\n\t\t\t\t\t\t\t\t\t\t\t\n\t\t\t\t\t\n\t\t\t\t\t\n\t\t<div data-field-type=\"name\" data-field-slug=\"sender-name\" class=\"form-group  field sender-name field-type-name field-343  field-required\">\n\t\t\t<label class=\"main-label\">\n\t\t\t\t<span class=\"required\">*<\/span>\t\t\t\tnumele dvs.\t\t\t<\/label>\n\t\t\t<div class=\"left\">\n\t\t\t\t<input value=\"\" class=\"form-control  field-input\" required aria-required=\"true\" type=\"text\" name=\"ccf_field_sender-name[first]\" id=\"ccf_field_sender-name-first\">\n\t\t\t\t\t\t\t\t<label for=\"ccf_field_sender-name-first\" class=\"sub-label help-block text-muted\">First<\/label>\n\t\t\t<\/div>\n\t\t\t<div class=\"right\">\n\t\t\t\t<input value=\"\" class=\"form-control  field-input\" required aria-required=\"true\" type=\"text\" name=\"ccf_field_sender-name[last]\" id=\"ccf_field_sender-name-last\">\n\t\t\t\t\t\t\t\t<label for=\"ccf_field_sender-name-last\" class=\"sub-label help-block text-muted\">Last<\/label>\n\t\t\t<\/div>\n\n\t\t\t<div class=\"ccf-clear\"><\/div>\n\n\t\t\t\t\t<\/div>\n\n\t\t\n\t\t<div data-field-type=\"email\" data-field-slug=\"sender-email\" class=\"form-group  field sender-email field-type-email field-344  field-required\">\n\t\t\t<label class=\"main-label\" for=\"ccf_field_sender-email\">\n\t\t\t\t<span class=\"required\">*<\/span>\t\t\t\tadresa dvs. de email:\t\t\t<\/label>\n\t\t\t\t\t\t\t<div class=\"left\">\n\t\t\t\t\t<input class=\"form-control field-input \" required aria-required=\"true\" name=\"ccf_field_sender-email[email]\" id=\"ccf_field_sender-email\" value=\"\" type=\"text\">\n\t\t\t\t\t\t\t\t\t\t<label for=\"ccf_field_sender-email\" class=\"sub-label help-block text-muted\">Email<\/label>\n\t\t\t\t<\/div>\n\t\t\t\t<div class=\"right\">\n\t\t\t\t\t<input class=\"form-control field-input \" required aria-required=\"true\" name=\"ccf_field_sender-email[confirm]\" id=\"ccf_field_sender-email-confirm\" value=\"\" type=\"text\">\n\t\t\t\t\t\t\t\t\t\t<label for=\"ccf_field_sender-email-confirm\" class=\"sub-label help-block text-muted\">Confirm Email<\/label>\n\t\t\t\t<\/div>\n\t\t\t\t\t\t\t\t\t\t\t\t<div class=\"ccf-clear\"><\/div>\n\t\t\t\n\t\t\t\t\t<\/div>\n\n\t\t\n\t\t<div data-phone-format=\"international\" data-field-slug=\"sender-phone-no\" data-field-type=\"phone\" class=\"form-group  field sender-phone-no field-type-phone field-345  \">\n\t\t\t<label class=\"main-label\" for=\"ccf_field_sender-phone-no\">\n\t\t\t\t\t\t\t\tnum\u0103rul dvs. de telefon\t\t\t<\/label>\n\t\t\t<input class=\"form-control  field-input\"  type=\"text\" name=\"ccf_field_sender-phone-no\" id=\"ccf_field_sender-phone-no\" placeholder=\"\" value=\"\">\n\n\t\t\t\n\t\t\t\t\t<\/div>\n\n\t\t\n\t\t<div data-field-type=\"recaptcha\" data-field-slug=\"recaptcha-5\" class=\"form-group  field recaptcha-5 field-type-recaptcha field-346  \">\n\t\t\t<label class=\"main-label\" for=\"ccf_field_recaptcha-5\">\n\t\t\t\t<span class=\"required\">*<\/span>\n\t\t\t\t\t\t\t<\/label>\n\t\t\t<div class=\"ccf-recaptcha-wrapper\" data-form-id=\"251\" data-sitekey=\"6LdTjxgpAAAAAINBO-o6S2nV-89OE8mGX74_fQ92\"><\/div>\n\n\t\t\t\n\t\t\t\t\t<\/div>\n\n\t\t\n\t\t<div data-field-type=\"paragraph-text\" data-field-slug=\"message-content\" class=\"form-group  field message-content field-type-paragraph-text field-347  field-required\">\n\t\t\t<label class=\"main-label\" for=\"ccf_field_message-content\">\n\t\t\t\t<span class=\"required\">*<\/span>\t\t\t\tmesajul dvs.\t\t\t<\/label>\n\t\t\t<textarea class=\"form-control  field-input\" required aria-required=\"true\" name=\"ccf_field_message-content\" id=\"ccf_field_message-content\" placeholder=\"\"><\/textarea>\n\n\t\t\t\n\t\t\t\t\t<\/div>\n\n\t\t\n\t\t\t\t\t<div class=\"form-submit \">\n\t\t\t\t\t\t<input type=\"submit\" class=\"btn btn-primary ccf-submit-button\" value=\"trimite\">\n\t\t\t\t\t\t<img decoding=\"async\" class=\"loading-img\" src=\"https:\/\/www.biserica-fortificata-viscri.ro\/wp-admin\/images\/wpspin_light.gif\">\n\t\t\t\t\t<\/div>\n\n\t\t\t\t\t<script type=\"text\/javascript\">\n\t\t\t\t\twindow.wp = window.wp || {};\n\t\t\t\t\twp.ccf = wp.ccf || {};\n\t\t\t\t\twp.ccf.conditionals = wp.ccf.conditionals || [];\n\t\t\t\t\twp.ccf.conditionals[251] = [];\n\t\t\t\t\t<\/script>\n\n\t\t\t\t\t<input type=\"hidden\" name=\"form_id\" value=\"251\">\n\t\t\t\t\t<input type=\"hidden\" name=\"form_page\" value=\"https:\/\/www.biserica-fortificata-viscri.ro\/ro\/wp-json\/wp\/v2\/pages\/187\">\n\t\t\t\t\t<input type=\"text\" name=\"my_information\" style=\"display: none;\">\n\t\t\t\t\t<input type=\"hidden\"  name=\"ccf_form\" value=\"1\">\n\t\t\t\t\t<input type=\"hidden\" name=\"form_nonce\" value=\"e8a9916f1d\">\n\t\t\t\t<\/form>\n\n\t\t\t\t<iframe class=\"ccf-form-frame\" id=\"ccf_form_frame_251\" name=\"ccf_form_frame_251\"><\/iframe>\n\t\t\t<\/div>\n\n\t\t\t<\/p>","protected":false},"excerpt":{"rendered":"<p>Ne pute\u021bi scrie la adresa de email evang.dwk@gmail.com, ne pute\u021bi suna la +40745 324 394, sau folosi\u021bi formularul urm\u0103tor:<\/p>\n","protected":false},"author":2,"featured_media":0,"parent":0,"menu_order":0,"comment_status":"closed","ping_status":"closed","template":"","meta":{"footnotes":""},"class_list":["post-187","page","type-page","status-publish","hentry"],"yoast_head":"<!-- This site is optimized with the Yoast SEO plugin v27.5 - https:\/\/yoast.com\/product\/yoast-seo-wordpress\/ -->\n<title>Contact - Biserica Fortificat\u0103 Viscri<\/title>\n<meta name=\"robots\" content=\"index, follow, max-snippet:-1, max-image-preview:large, max-video-preview:-1\" \/>\n<link rel=\"canonical\" href=\"https:\/\/www.biserica-fortificata-viscri.ro\/ro\/kontakt\/\" \/>\n<meta property=\"og:locale\" content=\"ro_RO\" \/>\n<meta property=\"og:type\" content=\"article\" \/>\n<meta property=\"og:title\" content=\"Contact - Biserica Fortificat\u0103 Viscri\" \/>\n<meta property=\"og:description\" content=\"Ne pute\u021bi scrie la adresa de email evang.dwk@gmail.com, ne pute\u021bi suna la +40745 324 394, sau folosi\u021bi formularul urm\u0103tor:\" \/>\n<meta property=\"og:url\" content=\"https:\/\/www.biserica-fortificata-viscri.ro\/ro\/kontakt\/\" \/>\n<meta property=\"og:site_name\" content=\"Biserica Fortificat\u0103 Viscri\" \/>\n<meta property=\"article:modified_time\" content=\"2024-02-15T11:51:21+00:00\" \/>\n<meta name=\"twitter:card\" content=\"summary_large_image\" \/>\n<meta name=\"twitter:label1\" content=\"Timp estimat pentru citire\" \/>\n\t<meta name=\"twitter:data1\" content=\"1 minut\" \/>\n<script type=\"application\/ld+json\" class=\"yoast-schema-graph\">{\"@context\":\"https:\\\/\\\/schema.org\",\"@graph\":[{\"@type\":\"WebPage\",\"@id\":\"https:\\\/\\\/www.biserica-fortificata-viscri.ro\\\/ro\\\/kontakt\\\/\",\"url\":\"https:\\\/\\\/www.biserica-fortificata-viscri.ro\\\/ro\\\/kontakt\\\/\",\"name\":\"Contact - Biserica Fortificat\u0103 Viscri\",\"isPartOf\":{\"@id\":\"https:\\\/\\\/www.biserica-fortificata-viscri.ro\\\/ro\\\/#website\"},\"datePublished\":\"2023-11-22T10:58:20+00:00\",\"dateModified\":\"2024-02-15T11:51:21+00:00\",\"breadcrumb\":{\"@id\":\"https:\\\/\\\/www.biserica-fortificata-viscri.ro\\\/ro\\\/kontakt\\\/#breadcrumb\"},\"inLanguage\":\"ro-RO\",\"potentialAction\":[{\"@type\":\"ReadAction\",\"target\":[[\"https:\\\/\\\/www.biserica-fortificata-viscri.ro\\\/ro\\\/kontakt\\\/\"]]}]},{\"@type\":\"BreadcrumbList\",\"@id\":\"https:\\\/\\\/www.biserica-fortificata-viscri.ro\\\/ro\\\/kontakt\\\/#breadcrumb\",\"itemListElement\":[{\"@type\":\"ListItem\",\"position\":1,\"name\":\"Home\",\"item\":\"https:\\\/\\\/www.biserica-fortificata-viscri.ro\\\/ro\\\/\"},{\"@type\":\"ListItem\",\"position\":2,\"name\":\"Kontakt\"}]},{\"@type\":\"WebSite\",\"@id\":\"https:\\\/\\\/www.biserica-fortificata-viscri.ro\\\/ro\\\/#website\",\"url\":\"https:\\\/\\\/www.biserica-fortificata-viscri.ro\\\/ro\\\/\",\"name\":\"Biserica Fortificat\u0103 Viscri\",\"description\":\"Site-ul oficial al Bisericii Fortificate Viscri, Biserica Evanghelic\u0103 C. A. \u00een Rom\u00e2nia\",\"potentialAction\":[{\"@type\":\"SearchAction\",\"target\":{\"@type\":\"EntryPoint\",\"urlTemplate\":\"https:\\\/\\\/www.biserica-fortificata-viscri.ro\\\/ro\\\/?s={search_term_string}\"},\"query-input\":{\"@type\":\"PropertyValueSpecification\",\"valueRequired\":true,\"valueName\":\"search_term_string\"}}],\"inLanguage\":\"ro-RO\"}]}<\/script>\n<!-- \/ Yoast SEO plugin. -->","yoast_head_json":{"title":"Contact - Biserica Fortificat\u0103 Viscri","robots":{"index":"index","follow":"follow","max-snippet":"max-snippet:-1","max-image-preview":"max-image-preview:large","max-video-preview":"max-video-preview:-1"},"canonical":"https:\/\/www.biserica-fortificata-viscri.ro\/ro\/kontakt\/","og_locale":"ro_RO","og_type":"article","og_title":"Contact - Biserica Fortificat\u0103 Viscri","og_description":"Ne pute\u021bi scrie la adresa de email evang.dwk@gmail.com, ne pute\u021bi suna la +40745 324 394, sau folosi\u021bi formularul urm\u0103tor:","og_url":"https:\/\/www.biserica-fortificata-viscri.ro\/ro\/kontakt\/","og_site_name":"Biserica Fortificat\u0103 Viscri","article_modified_time":"2024-02-15T11:51:21+00:00","twitter_card":"summary_large_image","twitter_misc":{"Timp estimat pentru citire":"1 minut"},"schema":{"@context":"https:\/\/schema.org","@graph":[{"@type":"WebPage","@id":"https:\/\/www.biserica-fortificata-viscri.ro\/ro\/kontakt\/","url":"https:\/\/www.biserica-fortificata-viscri.ro\/ro\/kontakt\/","name":"Contact - Biserica Fortificat\u0103 Viscri","isPartOf":{"@id":"https:\/\/www.biserica-fortificata-viscri.ro\/ro\/#website"},"datePublished":"2023-11-22T10:58:20+00:00","dateModified":"2024-02-15T11:51:21+00:00","breadcrumb":{"@id":"https:\/\/www.biserica-fortificata-viscri.ro\/ro\/kontakt\/#breadcrumb"},"inLanguage":"ro-RO","potentialAction":[{"@type":"ReadAction","target":[["https:\/\/www.biserica-fortificata-viscri.ro\/ro\/kontakt\/"]]}]},{"@type":"BreadcrumbList","@id":"https:\/\/www.biserica-fortificata-viscri.ro\/ro\/kontakt\/#breadcrumb","itemListElement":[{"@type":"ListItem","position":1,"name":"Home","item":"https:\/\/www.biserica-fortificata-viscri.ro\/ro\/"},{"@type":"ListItem","position":2,"name":"Kontakt"}]},{"@type":"WebSite","@id":"https:\/\/www.biserica-fortificata-viscri.ro\/ro\/#website","url":"https:\/\/www.biserica-fortificata-viscri.ro\/ro\/","name":"Biserica Fortificat\u0103 Viscri","description":"Site-ul oficial al Bisericii Fortificate Viscri, Biserica Evanghelic\u0103 C. A. \u00een Rom\u00e2nia","potentialAction":[{"@type":"SearchAction","target":{"@type":"EntryPoint","urlTemplate":"https:\/\/www.biserica-fortificata-viscri.ro\/ro\/?s={search_term_string}"},"query-input":{"@type":"PropertyValueSpecification","valueRequired":true,"valueName":"search_term_string"}}],"inLanguage":"ro-RO"}]}},"_links":{"self":[{"href":"https:\/\/www.biserica-fortificata-viscri.ro\/ro\/wp-json\/wp\/v2\/pages\/187","targetHints":{"allow":["GET"]}}],"collection":[{"href":"https:\/\/www.biserica-fortificata-viscri.ro\/ro\/wp-json\/wp\/v2\/pages"}],"about":[{"href":"https:\/\/www.biserica-fortificata-viscri.ro\/ro\/wp-json\/wp\/v2\/types\/page"}],"author":[{"embeddable":true,"href":"https:\/\/www.biserica-fortificata-viscri.ro\/ro\/wp-json\/wp\/v2\/users\/2"}],"replies":[{"embeddable":true,"href":"https:\/\/www.biserica-fortificata-viscri.ro\/ro\/wp-json\/wp\/v2\/comments?post=187"}],"version-history":[{"count":11,"href":"https:\/\/www.biserica-fortificata-viscri.ro\/ro\/wp-json\/wp\/v2\/pages\/187\/revisions"}],"predecessor-version":[{"id":370,"href":"https:\/\/www.biserica-fortificata-viscri.ro\/ro\/wp-json\/wp\/v2\/pages\/187\/revisions\/370"}],"wp:attachment":[{"href":"https:\/\/www.biserica-fortificata-viscri.ro\/ro\/wp-json\/wp\/v2\/media?parent=187"}],"curies":[{"name":"wp","href":"https:\/\/api.w.org\/{rel}","templated":true}]}}